{"id":1633,"date":"2022-03-21T13:40:12","date_gmt":"2022-03-21T17:40:12","guid":{"rendered":"https:\/\/gina.com.ve\/?page_id=1633"},"modified":"2025-03-19T18:24:09","modified_gmt":"2025-03-19T22:24:09","slug":"home","status":"publish","type":"page","link":"https:\/\/gina.com.ve\/en\/","title":{"rendered":"Home"},"content":{"rendered":"<p>[et_pb_section fb_built=\u00bb1&#8243; fullwidth=\u00bbon\u00bb disabled_on=\u00bbon|on|off\u00bb module_id=\u00bbfirts-banner-desktop\u00bb module_class=\u00bbfirts-banner-desktop-class\u00bb _builder_version=\u00bb4.17.0&#8243; _module_preset=\u00bbdefault\u00bb global_colors_info=\u00bb{}\u00bb][et_pb_fullwidth_slider _builder_version=\u00bb4.17.1&#8243; _module_preset=\u00bbdefault\u00bb auto=\u00bbon\u00bb hover_enabled=\u00bb0&#8243; global_colors_info=\u00bb{}\u00bb sticky_enabled=\u00bb0&#8243;][et_pb_slide button_link=\u00bb\/product-category\/bebes-ninos\/\u00bb _builder_version=\u00bb4.17.1&#8243; _module_preset=\u00bbdefault\u00bb header_level=\u00bbh1&#8243; header_font=\u00bbAzingdar|300|on||||||\u00bb header_text_align=\u00bbleft\u00bb header_font_size=\u00bb51px\u00bb header_letter_spacing=\u00bb6px\u00bb header_line_height=\u00bb1.8em\u00bb body_font=\u00bb|800|||||||\u00bb body_text_align=\u00bbleft\u00bb body_font_size=\u00bb64px\u00bb background_color=\u00bb#000000&#8243; background_enable_color=\u00bbon\u00bb background_enable_image=\u00bboff\u00bb custom_button=\u00bbon\u00bb button_text_color=\u00bb#e20c72&#8243; button_bg_color=\u00bb#FFFFFF\u00bb button_alignment=\u00bbleft\u00bb button_custom_margin=\u00bb||||false|false\u00bb button_custom_padding=\u00bb||||false|false\u00bb custom_padding=\u00bb||||false|false\u00bb header_text_shadow_style=\u00bbpreset1&#8243; header_text_shadow_color=\u00bb#8300E9&#8243; inline_fonts=\u00bbAnton\u00bb global_colors_info=\u00bb{}\u00bb sticky_transition=\u00bbon\u00bb]<\/p>\n<div class=\"first-banner-container\">\n<div class=\"first-banner-row\">\n<div class=\"banner-info\">\n<div class=\"banner-logo\" style=\"margin-bottom: 45px;\"><img loading=\"lazy\" decoding=\"async\" alt=\"\" src=\"\/wp-content\/uploads\/2022\/05\/cropped-ginalogo-blanco.png\" width=\"151\" height=\"100\" style=\"display: block; margin-left: auto; margin-right: auto;\" \/><\/div>\n<div class=\"banner-text\">\n<h1 style=\"text-align: center;\"><span style=\"font-family: Anton; font-size: 60px;\">MODA Y M\u00c1S PARA TI<\/span><\/h1>\n<\/div>\n<\/div>\n<\/div>\n<\/div>\n<p>[\/et_pb_slide][et_pb_slide heading=\u00bbTenemos moda\u00bb button_text=\u00bbMUJER\u00bb button_link=\u00bb\/product-category\/mujer\/\u00bb _builder_version=\u00bb4.17.1&#8243; _module_preset=\u00bbdefault\u00bb header_level=\u00bbh1&#8243; header_font=\u00bbAzingdar|300|on||||||\u00bb header_text_align=\u00bbleft\u00bb header_font_size=\u00bb51px\u00bb header_letter_spacing=\u00bb6px\u00bb header_line_height=\u00bb1.8em\u00bb body_font=\u00bb|800|||||||\u00bb body_text_align=\u00bbleft\u00bb body_font_size=\u00bb64px\u00bb background_image=\u00bbhttps:\/\/gina.com.ve\/wp-content\/uploads\/2022\/04\/1.jpg\u00bb background_enable_image=\u00bbon\u00bb custom_button=\u00bbon\u00bb button_text_color=\u00bb#e20c72&#8243; button_bg_color=\u00bb#FFFFFF\u00bb button_alignment=\u00bbleft\u00bb button_custom_margin=\u00bb||||false|false\u00bb button_custom_padding=\u00bb||||false|false\u00bb custom_padding=\u00bb||||false|false\u00bb header_text_shadow_style=\u00bbpreset1&#8243; header_text_shadow_color=\u00bb#8300E9&#8243; global_colors_info=\u00bb{}\u00bb sticky_transition=\u00bbon\u00bb]<\/p>\n<p>Y M\u00c1S PARA TI<\/p>\n<p>[\/et_pb_slide][et_pb_slide heading=\u00bbViste tu\u00bb button_text=\u00bbHOGAR\u00bb button_link=\u00bb\/product-category\/hogar\/\u00bb _builder_version=\u00bb4.17.1&#8243; _module_preset=\u00bbdefault\u00bb header_level=\u00bbh1&#8243; header_font=\u00bbAzingdar|300|on||||||\u00bb header_text_align=\u00bbleft\u00bb header_font_size=\u00bb58px\u00bb header_letter_spacing=\u00bb6px\u00bb header_line_height=\u00bb1.8em\u00bb body_font=\u00bb|800|||||||\u00bb body_text_align=\u00bbleft\u00bb body_font_size=\u00bb72px\u00bb body_line_height=\u00bb0.3em\u00bb background_image=\u00bbhttps:\/\/gina.com.ve\/wp-content\/uploads\/2022\/04\/3.jpg\u00bb background_enable_image=\u00bbon\u00bb custom_button=\u00bbon\u00bb button_text_color=\u00bb#e20c72&#8243; button_bg_color=\u00bb#FFFFFF\u00bb button_letter_spacing=\u00bb0px\u00bb button_alignment=\u00bbleft\u00bb button_custom_margin=\u00bb||||false|false\u00bb button_custom_padding=\u00bb||||false|false\u00bb custom_padding=\u00bb||||false|false\u00bb hover_enabled=\u00bb0&#8243; header_text_shadow_style=\u00bbpreset1&#8243; header_text_shadow_color=\u00bb#8300E9&#8243; global_colors_info=\u00bb{}\u00bb sticky_transition=\u00bbon\u00bb sticky_enabled=\u00bb0&#8243;]<\/p>\n<p>HOGAR<\/p>\n<p>[\/et_pb_slide][et_pb_slide heading=\u00bbCrecemos\u00bb button_text=\u00bbNI\u00d1OS\u00bb button_link=\u00bb\/product-category\/bebes-ninos\/\u00bb _builder_version=\u00bb4.17.1&#8243; _module_preset=\u00bbdefault\u00bb header_level=\u00bbh1&#8243; header_font=\u00bbAzingdar|300|on||||||\u00bb header_text_align=\u00bbleft\u00bb header_font_size=\u00bb51px\u00bb header_letter_spacing=\u00bb6px\u00bb header_line_height=\u00bb1.8em\u00bb body_font=\u00bb|800|||||||\u00bb body_text_align=\u00bbleft\u00bb body_font_size=\u00bb64px\u00bb background_image=\u00bbhttps:\/\/gina.com.ve\/wp-content\/uploads\/2022\/04\/2.jpg\u00bb background_enable_image=\u00bbon\u00bb custom_button=\u00bbon\u00bb button_text_color=\u00bb#e20c72&#8243; button_bg_color=\u00bb#FFFFFF\u00bb button_alignment=\u00bbleft\u00bb button_custom_margin=\u00bb||||false|false\u00bb button_custom_padding=\u00bb||||false|false\u00bb custom_padding=\u00bb||||false|false\u00bb header_text_shadow_style=\u00bbpreset1&#8243; header_text_shadow_color=\u00bb#8300E9&#8243; global_colors_info=\u00bb{}\u00bb sticky_transition=\u00bbon\u00bb]<\/p>\n<p>CON ESTILO<\/p>\n<p>[\/et_pb_slide][\/et_pb_fullwidth_slider][\/et_pb_section][et_pb_section fb_built=\u00bb1&#8243; fullwidth=\u00bbon\u00bb disabled_on=\u00bboff|off|on\u00bb module_id=\u00bbfirts-banner-mobile\u00bb module_class=\u00bbfirts-banner-mobile-class\u00bb _builder_version=\u00bb4.17.0&#8243; _module_preset=\u00bbdefault\u00bb global_colors_info=\u00bb{}\u00bb][et_pb_fullwidth_slider show_pagination=\u00bboff\u00bb _builder_version=\u00bb4.17.0&#8243; _module_preset=\u00bbdefault\u00bb auto=\u00bbon\u00bb auto_speed=\u00bb6000&#8243; global_colors_info=\u00bb{}\u00bb][et_pb_slide heading=\u00bbTenemos moda\u00bb button_text=\u00bbMUJER\u00bb button_link=\u00bb\/product-category\/mujer\/\u00bb _builder_version=\u00bb4.17.0&#8243; _module_preset=\u00bbdefault\u00bb header_level=\u00bbh1&#8243; header_font=\u00bbAzingdar|300|on||||||\u00bb header_text_align=\u00bbcenter\u00bb header_font_size=\u00bb45px\u00bb header_letter_spacing=\u00bb6px\u00bb header_line_height=\u00bb3em\u00bb body_font=\u00bb|800|||||||\u00bb body_text_align=\u00bbcenter\u00bb body_font_size=\u00bb64px\u00bb background_color=\u00bb#e50c74&#8243; background_enable_color=\u00bbon\u00bb background_enable_image=\u00bboff\u00bb custom_button=\u00bbon\u00bb button_text_color=\u00bb#e20c72&#8243; button_bg_color=\u00bb#FFFFFF\u00bb button_alignment=\u00bbcenter\u00bb button_custom_margin=\u00bb||||false|false\u00bb button_custom_padding=\u00bb||||false|false\u00bb custom_padding=\u00bb||||false|false\u00bb header_text_shadow_style=\u00bbpreset1&#8243; header_text_shadow_color=\u00bb#8300E9&#8243; global_colors_info=\u00bb{}\u00bb sticky_transition=\u00bbon\u00bb]<\/p>\n<p class=\"anton-banner-text-mobile\">Y M\u00c1S PARA TI<\/p>\n<p>[\/et_pb_slide][et_pb_slide heading=\u00bbCambia tu hogar\u00bb button_text=\u00bbHOGAR\u00bb button_link=\u00bb\/product-category\/hogar\/\u00bb _builder_version=\u00bb4.17.0&#8243; _module_preset=\u00bbdefault\u00bb header_level=\u00bbh1&#8243; header_font=\u00bbAzingdar|300|on||||||\u00bb header_text_align=\u00bbcenter\u00bb header_font_size=\u00bb45px\u00bb header_letter_spacing=\u00bb6px\u00bb header_line_height=\u00bb3em\u00bb body_font=\u00bb|800|||||||\u00bb body_text_align=\u00bbcenter\u00bb body_font_size=\u00bb72px\u00bb background_color=\u00bb#e50c74&#8243; background_enable_color=\u00bbon\u00bb background_enable_image=\u00bboff\u00bb custom_button=\u00bbon\u00bb button_text_color=\u00bb#e20c72&#8243; button_bg_color=\u00bb#FFFFFF\u00bb button_letter_spacing=\u00bb0px\u00bb button_alignment=\u00bbcenter\u00bb button_custom_margin=\u00bb||||false|false\u00bb button_custom_padding=\u00bb||||false|false\u00bb text_orientation=\u00bbcenter\u00bb custom_padding=\u00bb||||false|false\u00bb header_text_shadow_style=\u00bbpreset1&#8243; header_text_shadow_color=\u00bb#8300E9&#8243; global_colors_info=\u00bb{}\u00bb sticky_transition=\u00bbon\u00bb]<\/p>\n<p class=\"anton-banner-text-mobile\">CON NUESTROS ESENCIALES<\/p>\n<p>[\/et_pb_slide][et_pb_slide heading=\u00bbCrecemos\u00bb button_text=\u00bbNI\u00d1OS\u00bb button_link=\u00bb\/product-category\/hogar\/\u00bb _builder_version=\u00bb4.17.0&#8243; _module_preset=\u00bbdefault\u00bb header_level=\u00bbh1&#8243; header_font=\u00bbAzingdar|300|on||||||\u00bb header_text_align=\u00bbcenter\u00bb header_font_size=\u00bb45px\u00bb header_letter_spacing=\u00bb6px\u00bb header_line_height=\u00bb3em\u00bb body_font=\u00bb|800|||||||\u00bb body_text_align=\u00bbcenter\u00bb body_font_size=\u00bb64px\u00bb background_color=\u00bb#e50c74&#8243; background_enable_color=\u00bbon\u00bb background_enable_image=\u00bboff\u00bb custom_button=\u00bbon\u00bb button_text_color=\u00bb#e20c72&#8243; button_bg_color=\u00bb#FFFFFF\u00bb button_alignment=\u00bbcenter\u00bb button_custom_margin=\u00bb||||false|false\u00bb button_custom_padding=\u00bb||||false|false\u00bb custom_padding=\u00bb||||false|false\u00bb header_text_shadow_style=\u00bbpreset1&#8243; header_text_shadow_color=\u00bb#8300E9&#8243; global_colors_info=\u00bb{}\u00bb sticky_transition=\u00bbon\u00bb]<\/p>\n<p class=\"anton-banner-text-mobile\">CON ESTILO<\/p>\n<p>[\/et_pb_slide][\/et_pb_fullwidth_slider][\/et_pb_section][et_pb_section fb_built=\u00bb1&#8243; module_id=\u00bbseccion-departamentos-id\u00bb module_class=\u00bbseccion-departamentos-class\u00bb _builder_version=\u00bb4.16&#8243; _module_preset=\u00bbdefault\u00bb custom_padding=\u00bb6px||6px|||\u00bb global_colors_info=\u00bb{}\u00bb][et_pb_row _builder_version=\u00bb4.16&#8243; _module_preset=\u00bbdefault\u00bb global_colors_info=\u00bb{}\u00bb][et_pb_column type=\u00bb4_4&#8243; _builder_version=\u00bb4.16&#8243; _module_preset=\u00bbdefault\u00bb global_colors_info=\u00bb{}\u00bb][et_pb_image src=\u00bbhttps:\/\/gina.com.ve\/wp-content\/uploads\/2022\/03\/GINA-senalador.png\u00bb title_text=\u00bbGINA-senalador\u00bb align=\u00bbcenter\u00bb _builder_version=\u00bb4.16&#8243; _module_preset=\u00bbdefault\u00bb width=\u00bb5%\u00bb custom_margin=\u00bb||9px|||\u00bb global_colors_info=\u00bb{}\u00bb][\/et_pb_image][et_pb_text _builder_version=\u00bb4.16&#8243; _module_preset=\u00bbdefault\u00bb text_font=\u00bb|600|||||||\u00bb text_text_color=\u00bb#000000&#8243; text_orientation=\u00bbcenter\u00bb global_colors_info=\u00bb{}\u00bb content__hover_enabled=\u00bbon|desktop\u00bb content__hover=\u00bb<\/p>\n<h1>Departamentos<\/h1>\n<p>\u00ab]<\/p>\n<h1>Departamentos<\/h1>\n<p>[\/et_pb_text][\/et_pb_column][\/et_pb_row][et_pb_row column_structure=\u00bb1_3,1_3,1_3&#8243; use_custom_gutter=\u00bbon\u00bb module_id=\u00bbdepartamento-mujer\u00bb module_class=\u00bbdepartamento-modulo\u00bb _builder_version=\u00bb4.16.1&#8243; _module_preset=\u00bbdefault\u00bb global_colors_info=\u00bb{}\u00bb][et_pb_column type=\u00bb1_3&#8243; disabled_on=\u00bbon|on|off\u00bb _builder_version=\u00bb4.16.1&#8243; _module_preset=\u00bbdefault\u00bb global_colors_info=\u00bb{}\u00bb][et_pb_image src=\u00bbhttps:\/\/gina.com.ve\/wp-content\/uploads\/2022\/04\/500100014701-BLANCO.jpg\u00bb title_text=\u00bb500100014701-BLANCO\u00bb align=\u00bbcenter\u00bb disabled_on=\u00bbon|on|off\u00bb _builder_version=\u00bb4.16.0&#8243; _module_preset=\u00bbdefault\u00bb global_colors_info=\u00bb{}\u00bb][\/et_pb_image][\/et_pb_column][et_pb_column type=\u00bb1_3&#8243; disabled_on=\u00bbon|on|off\u00bb _builder_version=\u00bb4.16.1&#8243; _module_preset=\u00bbdefault\u00bb global_colors_info=\u00bb{}\u00bb][et_pb_image src=\u00bbhttps:\/\/gina.com.ve\/wp-content\/uploads\/2022\/03\/IMG_6152-1.jpg\u00bb title_text=\u00bbIMG_6152 (1)\u00bb align=\u00bbcenter\u00bb disabled_on=\u00bbon|on|off\u00bb _builder_version=\u00bb4.16.0&#8243; _module_preset=\u00bbdefault\u00bb global_colors_info=\u00bb{}\u00bb][\/et_pb_image][\/et_pb_column][et_pb_column type=\u00bb1_3&#8243; _builder_version=\u00bb4.16.0&#8243; _module_preset=\u00bbdefault\u00bb global_colors_info=\u00bb{}\u00bb][et_pb_text _builder_version=\u00bb4.17.1&#8243; _module_preset=\u00bbdefault\u00bb inline_fonts=\u00bbAnton,Shorthalt-light\u00bb global_colors_info=\u00bb{}\u00bb]<\/p>\n<div class=\"departamentos-container\">\n<div class=\"departamentos-row\">\n<div class=\"info-content\">\n<h1 id=\"mujer-title\" class=\"departamento-title\"><strong><span style=\"font-family: Shorthalt-light; font-size: xx-large; color: #f80da1;\">Mujer<\/span><\/strong><\/h1>\n<hr class=\"departamento-div\" \/>\n<ul class=\"departamento-list\">\n<li>-Casual + Tendencia<\/li>\n<li>-\u00cdntima y Pijama<\/li>\n<li>-Plus + Curve<\/li>\n<li>-Traje de Ba\u00f1o<\/li>\n<li>-Deportiva<\/li>\n<li>-Accesorios<\/li>\n<\/ul>\n<\/div>\n<\/div>\n<\/div>\n<p>[\/et_pb_text][\/et_pb_column][\/et_pb_row][et_pb_row column_structure=\u00bb1_3,1_3,1_3&#8243; use_custom_gutter=\u00bbon\u00bb module_id=\u00bbdepartamento-ninos\u00bb module_class=\u00bbdepartamento-modulo\u00bb _builder_version=\u00bb4.16.1&#8243; _module_preset=\u00bbdefault\u00bb global_colors_info=\u00bb{}\u00bb][et_pb_column type=\u00bb1_3&#8243; disabled_on=\u00bboff|off|off\u00bb _builder_version=\u00bb4.16.1&#8243; _module_preset=\u00bbdefault\u00bb global_colors_info=\u00bb{}\u00bb][et_pb_code _builder_version=\u00bb4.16.0&#8243; _module_preset=\u00bbdefault\u00bb global_colors_info=\u00bb{}\u00bb][\/et_pb_code][et_pb_text _builder_version=\u00bb4.16.0&#8243; _module_preset=\u00bbdefault\u00bb inline_fonts=\u00bbAnton,Shorthalt-light\u00bb global_colors_info=\u00bb{}\u00bb]<\/p>\n<div class=\"departamentos-container\">\n<div class=\"departamentos-row\">\n<div class=\"info-content\">\n<h1 id=\"bebesNinos-title\" class=\"departamento-title\"><strong><span style=\"font-family: Shorthalt-light; color: #f80da1; font-size: xx-large;\">Beb\u00e9s \/ Ni\u00f1os<\/span><\/strong><\/h1>\n<hr class=\"departamento-div\" \/>\n<ul class=\"departamento-list\">\n<li>-Ropa<\/li>\n<li>-Mobiliario<\/li>\n<li>-Accesorios<\/li>\n<\/ul>\n<\/div>\n<\/div>\n<\/div>\n<p>[\/et_pb_text][\/et_pb_column][et_pb_column type=\u00bb1_3&#8243; disabled_on=\u00bbon|on|off\u00bb _builder_version=\u00bb4.16.1&#8243; _module_preset=\u00bbdefault\u00bb global_colors_info=\u00bb{}\u00bb][et_pb_image src=\u00bbhttps:\/\/gina.com.ve\/wp-content\/uploads\/2022\/04\/Copia-de-GCV-gina-high-res-7-1.jpg\u00bb title_text=\u00bbCopia de GCV &#8211; gina high res-7 (1)\u00bb align=\u00bbcenter\u00bb disabled_on=\u00bboff|off|off\u00bb _builder_version=\u00bb4.16.0&#8243; _module_preset=\u00bbdefault\u00bb global_colors_info=\u00bb{}\u00bb][\/et_pb_image][\/et_pb_column][et_pb_column type=\u00bb1_3&#8243; disabled_on=\u00bbon|on|off\u00bb _builder_version=\u00bb4.16.1&#8243; _module_preset=\u00bbdefault\u00bb global_colors_info=\u00bb{}\u00bb][et_pb_image src=\u00bbhttps:\/\/gina.com.ve\/wp-content\/uploads\/2022\/04\/Copia-de-GCV-gina-high-res-6-2.jpg\u00bb title_text=\u00bbCopia de GCV &#8211; gina high res-6 (2)\u00bb align=\u00bbcenter\u00bb disabled_on=\u00bboff|off|off\u00bb _builder_version=\u00bb4.16.1&#8243; _module_preset=\u00bbdefault\u00bb global_colors_info=\u00bb{}\u00bb][\/et_pb_image][\/et_pb_column][\/et_pb_row][et_pb_row column_structure=\u00bb1_3,1_3,1_3&#8243; use_custom_gutter=\u00bbon\u00bb module_id=\u00bbdepartamento-hogar\u00bb module_class=\u00bbdepartamento-modulo\u00bb _builder_version=\u00bb4.16.1&#8243; _module_preset=\u00bbdefault\u00bb global_colors_info=\u00bb{}\u00bb][et_pb_column type=\u00bb1_3&#8243; disabled_on=\u00bbon|on|off\u00bb _builder_version=\u00bb4.16.1&#8243; _module_preset=\u00bbdefault\u00bb global_colors_info=\u00bb{}\u00bb][et_pb_image src=\u00bbhttps:\/\/gina.com.ve\/wp-content\/uploads\/2022\/04\/40032877.jpg\u00bb title_text=\u00bb40032877&#8243; align=\u00bbcenter\u00bb disabled_on=\u00bbon|on|off\u00bb _builder_version=\u00bb4.16.0&#8243; _module_preset=\u00bbdefault\u00bb global_colors_info=\u00bb{}\u00bb][\/et_pb_image][\/et_pb_column][et_pb_column type=\u00bb1_3&#8243; disabled_on=\u00bbon|on|off\u00bb _builder_version=\u00bb4.16.1&#8243; _module_preset=\u00bbdefault\u00bb global_colors_info=\u00bb{}\u00bb][et_pb_image src=\u00bbhttps:\/\/gina.com.ve\/wp-content\/uploads\/2022\/04\/400500014426.jpg\u00bb title_text=\u00bb400500014426&#8243; align=\u00bbcenter\u00bb disabled_on=\u00bbon|on|off\u00bb _builder_version=\u00bb4.16.0&#8243; _module_preset=\u00bbdefault\u00bb global_colors_info=\u00bb{}\u00bb][\/et_pb_image][\/et_pb_column][et_pb_column type=\u00bb1_3&#8243; _builder_version=\u00bb4.16.0&#8243; _module_preset=\u00bbdefault\u00bb global_colors_info=\u00bb{}\u00bb][et_pb_code _builder_version=\u00bb4.16.0&#8243; _module_preset=\u00bbdefault\u00bb global_colors_info=\u00bb{}\u00bb][\/et_pb_code][et_pb_text _builder_version=\u00bb4.16.0&#8243; _module_preset=\u00bbdefault\u00bb inline_fonts=\u00bbAnton,Shorthalt-light\u00bb global_colors_info=\u00bb{}\u00bb]<\/p>\n<div class=\"departamentos-container\">\n<div class=\"departamentos-row\">\n<div class=\"info-content\">\n<h1 id=\"Hogar-title\" class=\"departamento-title\"><strong><span style=\"font-family: Shorthalt-light; color: #f80da1; font-size: xx-large;\">Hogar<\/span><\/strong><\/h1>\n<hr class=\"departamento-div\" \/>\n<ul class=\"departamento-list\">\n<li>-Cocina<\/li>\n<li>-Ba\u00f1o<\/li>\n<li>-Dormitorio<\/li>\n<li>-Otros<\/li>\n<\/ul>\n<\/div>\n<\/div>\n<\/div>\n<p>[\/et_pb_text][\/et_pb_column][\/et_pb_row][\/et_pb_section][et_pb_section fb_built=\u00bb1&#8243; module_id=\u00bbseccionNewsletter_id\u00bb _builder_version=\u00bb4.16&#8243; _module_preset=\u00bbdefault\u00bb background_color=\u00bb#f80da1&#8243; custom_padding=\u00bb0px||17px|||\u00bb locked=\u00bboff\u00bb global_colors_info=\u00bb{}\u00bb][et_pb_row _builder_version=\u00bb4.16&#8243; _module_preset=\u00bbdefault\u00bb global_colors_info=\u00bb{}\u00bb][et_pb_column type=\u00bb4_4&#8243; _builder_version=\u00bb4.16&#8243; _module_preset=\u00bbdefault\u00bb global_colors_info=\u00bb{}\u00bb][et_pb_text _builder_version=\u00bb4.16.1&#8243; _module_preset=\u00bbdefault\u00bb global_colors_info=\u00bb{}\u00bb]<\/p>\n<h1 style=\"text-align: center; color: #ffffff;\">\u00danete a nuestro Newsletter y obtendr\u00e1s ofertas exclusivas<\/h1>\n<p style=\"text-align: center;\"><span style=\"font-size: large; color: #ffffff;\">tambi\u00e9n te enviaremos semanalmente noticias y \u00faltimas tendencias en moda<\/span><\/p>\n<p>[\/et_pb_text][et_pb_code _builder_version=\u00bb4.16&#8243; _module_preset=\u00bbdefault\u00bb text_orientation=\u00bbcenter\u00bb global_colors_info=\u00bb{}\u00bb]\n<div class=\"wpcf7 no-js\" id=\"wpcf7-f1160-o1\" lang=\"es-VE\" dir=\"ltr\" data-wpcf7-id=\"1160\">\n<div class=\"screen-reader-response\"><p role=\"status\" aria-live=\"polite\" aria-atomic=\"true\"><\/p> <ul><\/ul><\/div>\n<form action=\"\/en\/wp-json\/wp\/v2\/pages\/1633#wpcf7-f1160-o1\" method=\"post\" class=\"wpcf7-form init\" aria-label=\"Formulario de contacto\" novalidate=\"novalidate\" data-status=\"init\">\n<fieldset class=\"hidden-fields-container\"><input type=\"hidden\" name=\"_wpcf7\" value=\"1160\" \/><input type=\"hidden\" name=\"_wpcf7_version\" value=\"6.1.5\" \/><input type=\"hidden\" name=\"_wpcf7_locale\" value=\"es_VE\" \/><input type=\"hidden\" name=\"_wpcf7_unit_tag\" value=\"wpcf7-f1160-o1\" \/><input type=\"hidden\" name=\"_wpcf7_container_post\" value=\"0\" \/><input type=\"hidden\" name=\"_wpcf7_posted_data_hash\" value=\"\" \/><input type=\"hidden\" name=\"_wpcf7_recaptcha_response\" value=\"\" \/>\n<\/fieldset>\n<div class=\"newsletter-container-contact-form\">\n\t<div class=\"contact-form-row\">\n\t\t<div class=\"first-column\">\n\t\t\t<p><span class=\"wpcf7-form-control-wrap\" data-name=\"your-name\"><input size=\"40\" maxlength=\"400\" class=\"wpcf7-form-control wpcf7-text wpcf7-validates-as-required input_newsletter_class\" id=\"name_newsletter_id\" aria-required=\"true\" aria-invalid=\"false\" placeholder=\"Nombre y apellido...\" value=\"\" type=\"text\" name=\"your-name\" \/><\/span><br \/>\n<span class=\"wpcf7-form-control-wrap\" data-name=\"your-email\"><input size=\"40\" maxlength=\"400\" class=\"wpcf7-form-control wpcf7-email wpcf7-validates-as-required wpcf7-text wpcf7-validates-as-email input_newsletter_class\" id=\"email_newsletter_id\" aria-required=\"true\" aria-invalid=\"false\" placeholder=\"Email....\" value=\"\" type=\"email\" name=\"your-email\" \/><\/span>\n\t\t\t<\/p>\n\t\t<\/div>\n\t\t<div class=\"submit-class\"\n<input class=\"wpcf7-form-control wpcf7-submit has-spinner\" type=\"submit\" value=\"Enviar\" \/>\n\t\t<\/div>\n\t<\/div>\n<\/div><div class=\"wpcf7-response-output\" aria-hidden=\"true\"><\/div>\n<\/form>\n<\/div>\n[\/et_pb_code][\/et_pb_column][\/et_pb_row][\/et_pb_section][et_pb_section fb_built=\u00bb1&#8243; module_id=\u00bbseccion-sucursales-id\u00bb module_class=\u00bbseccion-sucursales-class\u00bb _builder_version=\u00bb4.16&#8243; _module_preset=\u00bbdefault\u00bb custom_padding=\u00bb6px||6px|||\u00bb locked=\u00bboff\u00bb global_colors_info=\u00bb{}\u00bb][et_pb_row _builder_version=\u00bb4.16&#8243; _module_preset=\u00bbdefault\u00bb custom_padding=\u00bb||0px|||\u00bb global_colors_info=\u00bb{}\u00bb][et_pb_column type=\u00bb4_4&#8243; _builder_version=\u00bb4.16&#8243; _module_preset=\u00bbdefault\u00bb global_colors_info=\u00bb{}\u00bb][et_pb_image src=\u00bbhttps:\/\/gina.com.ve\/wp-content\/uploads\/2022\/03\/GINA-senalador.png\u00bb title_text=\u00bbGINA-senalador\u00bb align=\u00bbcenter\u00bb _builder_version=\u00bb4.16&#8243; _module_preset=\u00bbdefault\u00bb width=\u00bb5%\u00bb custom_margin=\u00bb||9px|||\u00bb global_colors_info=\u00bb{}\u00bb][\/et_pb_image][et_pb_text _builder_version=\u00bb4.16&#8243; _module_preset=\u00bbdefault\u00bb text_font=\u00bb|600|||||||\u00bb text_text_color=\u00bb#000000&#8243; text_orientation=\u00bbcenter\u00bb global_colors_info=\u00bb{}\u00bb content__hover_enabled=\u00bbon|hover\u00bb content__hover=\u00bb<\/p>\n<h1>Sucursales<\/h1>\n<p>\u00ab]<\/p>\n<h1>Sucursales<\/h1>\n<p>[\/et_pb_text][\/et_pb_column][\/et_pb_row][et_pb_row module_id=\u00bbrrow_sucursales_id\u00bb _builder_version=\u00bb4.16&#8243; _module_preset=\u00bbdefault\u00bb custom_padding=\u00bb3px|||||\u00bb global_colors_info=\u00bb{}\u00bb][et_pb_column type=\u00bb4_4&#8243; _builder_version=\u00bb4.16&#8243; _module_preset=\u00bbdefault\u00bb global_colors_info=\u00bb{}\u00bb][et_pb_image src=\u00bbhttps:\/\/gina.com.ve\/wp-content\/uploads\/2022\/03\/GINA-sucursales.png\u00bb title_text=\u00bbGINA-sucursales\u00bb align=\u00bbcenter\u00bb module_id=\u00bbmodule_img_sucursales_id\u00bb _builder_version=\u00bb4.16&#8243; _module_preset=\u00bbdefault\u00bb width=\u00bb70%\u00bb custom_margin=\u00bb||1px|||\u00bb custom_padding=\u00bb|||65px||\u00bb global_colors_info=\u00bb{}\u00bb][\/et_pb_image][et_pb_button button_url=\u00bb\/sucursales\/\u00bb button_text=\u00bbVer todas\u00bb button_alignment=\u00bbcenter\u00bb _builder_version=\u00bb4.16&#8243; _module_preset=\u00bbdefault\u00bb custom_button=\u00bbon\u00bb button_text_color=\u00bb#FFFFFF\u00bb button_bg_color=\u00bb#f80da1&#8243; button_border_width=\u00bb0px\u00bb button_border_radius=\u00bb25px\u00bb box_shadow_style=\u00bbpreset4&#8243; box_shadow_horizontal=\u00bb3px\u00bb box_shadow_vertical=\u00bb3px\u00bb locked=\u00bboff\u00bb global_colors_info=\u00bb{}\u00bb][\/et_pb_button][\/et_pb_column][\/et_pb_row][\/et_pb_section]<\/p>\n","protected":false},"excerpt":{"rendered":"<p>MODA Y M\u00c1S PARA TI Y M\u00c1S PARA TIHOGARCON ESTILOY M\u00c1S PARA TICON NUESTROS ESENCIALESCON ESTILODepartamentos Mujer -Casual + Tendencia -\u00cdntima y Pijama -Plus + Curve -Traje de Ba\u00f1o -Deportiva -Accesorios Beb\u00e9s \/ Ni\u00f1os -Ropa -Mobiliario -Accesorios Hogar -Cocina -Ba\u00f1o -Dormitorio -Otros \u00danete a nuestro Newsletter y obtendr\u00e1s ofertas exclusivas tambi\u00e9n te enviaremos semanalmente noticias [&hellip;]<\/p>\n","protected":false},"author":7,"featured_media":0,"parent":0,"menu_order":0,"comment_status":"closed","ping_status":"closed","template":"","meta":{"_et_pb_use_builder":"on","_et_pb_old_content":"","_et_gb_content_width":"","footnotes":""},"class_list":["post-1633","page","type-page","status-publish","hentry"],"_links":{"self":[{"href":"https:\/\/gina.com.ve\/en\/wp-json\/wp\/v2\/pages\/1633","targetHints":{"allow":["GET"]}}],"collection":[{"href":"https:\/\/gina.com.ve\/en\/wp-json\/wp\/v2\/pages"}],"about":[{"href":"https:\/\/gina.com.ve\/en\/wp-json\/wp\/v2\/types\/page"}],"author":[{"embeddable":true,"href":"https:\/\/gina.com.ve\/en\/wp-json\/wp\/v2\/users\/7"}],"replies":[{"embeddable":true,"href":"https:\/\/gina.com.ve\/en\/wp-json\/wp\/v2\/comments?post=1633"}],"version-history":[{"count":17,"href":"https:\/\/gina.com.ve\/en\/wp-json\/wp\/v2\/pages\/1633\/revisions"}],"predecessor-version":[{"id":2513,"href":"https:\/\/gina.com.ve\/en\/wp-json\/wp\/v2\/pages\/1633\/revisions\/2513"}],"wp:attachment":[{"href":"https:\/\/gina.com.ve\/en\/wp-json\/wp\/v2\/media?parent=1633"}],"curies":[{"name":"wp","href":"https:\/\/api.w.org\/{rel}","templated":true}]}}